{"id":2854,"date":"2022-03-01T18:06:26","date_gmt":"2022-03-01T16:06:26","guid":{"rendered":"https:\/\/www.iciqschool.com\/?page_id=2854"},"modified":"2026-03-26T13:11:41","modified_gmt":"2026-03-26T11:11:41","slug":"committee","status":"publish","type":"page","link":"https:\/\/iciqsummerschool2026.com\/index.php\/committee\/","title":{"rendered":"COMMITTEES"},"content":{"rendered":"<div class=\"standard_wrapper\">\n<div  class=\"one_half withsmallpadding ppb_header \" style=\"text-align:left;padding:30px 0 30px 0;background-color:#ffffff;\" >\n<div class=\"page_content_wrapper\">\n<div class=\"inner\">\n<div style=\"width:100%\">\n<h2 class=\"ppb_title\" style=\"color:#f59f1e;;text-align:left;\">Organising Committee<\/h2>\n<div class=\"ppb_header_content\">\n<p><strong>Antonio M. Echavarren<\/strong><br \/>\nInstitut Catal\u00e0 d\u2019Investigaci\u00f3 Qu\u00edmica (ICIQ), Spain<\/p>\n<p><strong>Luis Escobar<br \/>\n<\/strong>Institut Catal\u00e0 d\u2019Investigaci\u00f3 Qu\u00edmica (ICIQ), Spain<\/p>\n<p><strong>Judit Mart\u00ednez<br \/>\n<\/strong>Institut Catal\u00e0 d\u2019Investigaci\u00f3 Qu\u00edmica (ICIQ), Spain<\/p>\n<\/div>\n<\/div>\n<\/div>\n<\/div>\n<\/div>\n<\/div>\n<div class=\"standard_wrapper\">\n<div  class=\"one_half last withsmallpadding ppb_header \" style=\"text-align:left;padding:30px 0 30px 0;background-color:#ffffff;\" >\n<div class=\"page_content_wrapper\">\n<div class=\"inner\">\n<div style=\"width:100%\">\n<h2 class=\"ppb_title\" style=\"color:#f59f1e;;text-align:left;\">Scientific Committee<\/h2>\n<div class=\"ppb_header_content\">\n<p><strong>Antonio M. Echavarren<br \/>\n<\/strong>Institut Catal\u00e0 d\u2019Investigaci\u00f3 Qu\u00edmica (ICIQ), Spain<\/p>\n<p><strong>Luis Escobar<br \/>\n<\/strong>Institut Catal\u00e0 d\u2019Investigaci\u00f3 Qu\u00edmica (ICIQ), Spain<\/p>\n<p><strong>Rub\u00e9n Mart\u00edn<br \/>\n<\/strong>Institut Catal\u00e0 d\u2019Investigaci\u00f3 Qu\u00edmica (ICIQ), Spain<\/p>\n<p><strong>Beatriz Prieto-Sim\u00f3n<br \/>\n<\/strong>Institut Catal\u00e0 d\u2019Investigaci\u00f3 Qu\u00edmica (ICIQ), Spain<\/p>\n<p><strong>Katherine Villa<br \/>\n<\/strong>Institut Catal\u00e0 d\u2019Investigaci\u00f3 Qu\u00edmica (ICIQ), Spain<\/p>\n<\/div>\n<\/div>\n<\/div>\n<\/div>\n<\/div>\n<\/div>\n","protected":false},"excerpt":{"rendered":"<p>Organising Committee Antonio M. Echavarren Institut Catal\u00e0 d\u2019Investigaci\u00f3 Qu\u00edmica (ICIQ), Spain Luis Escobar Institut Catal\u00e0 d\u2019Investigaci\u00f3 Qu\u00edmica (ICIQ), Spain Judit Mart\u00ednez Institut Catal\u00e0 d\u2019Investigaci\u00f3 Qu\u00edmica (ICIQ), Spain Scientific Committee Antonio M. Echavarren Institut Catal\u00e0 d\u2019Investigaci\u00f3 Qu\u00edmica (ICIQ), Spain Luis Escobar [&hellip;]<\/p>\n","protected":false},"author":1,"featured_media":0,"parent":0,"menu_order":0,"comment_status":"closed","ping_status":"closed","template":"","meta":{"footnotes":""},"class_list":["post-2854","page","type-page","status-publish","hentry"],"_links":{"self":[{"href":"https:\/\/iciqsummerschool2026.com\/index.php\/wp-json\/wp\/v2\/pages\/2854","targetHints":{"allow":["GET"]}}],"collection":[{"href":"https:\/\/iciqsummerschool2026.com\/index.php\/wp-json\/wp\/v2\/pages"}],"about":[{"href":"https:\/\/iciqsummerschool2026.com\/index.php\/wp-json\/wp\/v2\/types\/page"}],"author":[{"embeddable":true,"href":"https:\/\/iciqsummerschool2026.com\/index.php\/wp-json\/wp\/v2\/users\/1"}],"replies":[{"embeddable":true,"href":"https:\/\/iciqsummerschool2026.com\/index.php\/wp-json\/wp\/v2\/comments?post=2854"}],"version-history":[{"count":31,"href":"https:\/\/iciqsummerschool2026.com\/index.php\/wp-json\/wp\/v2\/pages\/2854\/revisions"}],"predecessor-version":[{"id":5775,"href":"https:\/\/iciqsummerschool2026.com\/index.php\/wp-json\/wp\/v2\/pages\/2854\/revisions\/5775"}],"wp:attachment":[{"href":"https:\/\/iciqsummerschool2026.com\/index.php\/wp-json\/wp\/v2\/media?parent=2854"}],"curies":[{"name":"wp","href":"https:\/\/api.w.org\/{rel}","templated":true}]}}